{"id":882,"date":"2026-03-04T13:43:28","date_gmt":"2026-03-04T13:43:28","guid":{"rendered":"https:\/\/sshid.info\/?page_id=882"},"modified":"2026-03-04T13:43:28","modified_gmt":"2026-03-04T13:43:28","slug":"a-propos-de-nous-2","status":"publish","type":"page","link":"https:\/\/sshid.info\/fr\/a-propos-de-nous-2\/","title":{"rendered":"\u00c0 propos de nous"},"content":{"rendered":"<p>[et_pb_section fb_built=\u00a0\u00bb1&Prime; admin_label=\u00a0\u00bbFeatures\u00a0\u00bb _builder_version=\u00a0\u00bb4.27.4&Prime; _module_preset=\u00a0\u00bbaf9816ba-6419-4e26-b558-beea041cd9c8&Prime; background_color=\u00a0\u00bb#9AB5D4&Prime; background_image=\u00a0\u00bbhttps:\/\/sshid.info\/wp-content\/uploads\/2025\/02\/Header-Background-Light.jpg\u00a0\u00bb scroll_vertical_motion=\u00a0\u00bb0|47|47|100|4|0|-4&Prime; custom_css_main_element=\u00a0\u00bbdisplay: flex;||flex-direction: column;||justify-content: center;\u00a0\u00bb collapsed=\u00a0\u00bbon\u00a0\u00bb global_colors_info=\u00a0\u00bb{}\u00a0\u00bb][et_pb_row _builder_version=\u00a0\u00bb4.27.4&Prime; _module_preset=\u00a0\u00bbdefault\u00a0\u00bb custom_margin=\u00a0\u00bb100px|auto|100px|auto||\u00a0\u00bb global_colors_info=\u00a0\u00bb{}\u00a0\u00bb][et_pb_column type=\u00a0\u00bb4_4&Prime; _builder_version=\u00a0\u00bb4.27.4&Prime; _module_preset=\u00a0\u00bbdefault\u00a0\u00bb global_colors_info=\u00a0\u00bb{}\u00a0\u00bb][et_pb_heading title=\u00a0\u00bb\u00c0 propos de nous\u00a0\u00bb _builder_version=\u00a0\u00bb4.27.4&Prime; _module_preset=\u00a0\u00bbeeb21040-1152-4e66-a7ed-ea6406e4881e\u00a0\u00bb title_level=\u00a0\u00bbh1&Prime; title_font=\u00a0\u00bb||||||||\u00a0\u00bb title_text_align=\u00a0\u00bbcenter\u00a0\u00bb title_text_color=\u00a0\u00bb#024594&Prime; title_font_size=\u00a0\u00bb120px\u00a0\u00bb title_line_height=\u00a0\u00bb1.2em\u00a0\u00bb scroll_vertical_motion=\u00a0\u00bb0|50|50|100|1.5|0|-1.5&Prime; motion_trigger_start=\u00a0\u00bbbottom\u00a0\u00bb title_font_size_tablet=\u00a0\u00bb80px\u00a0\u00bb title_font_size_phone=\u00a0\u00bb48px\u00a0\u00bb global_colors_info=\u00a0\u00bb{}\u00a0\u00bb][\/et_pb_heading][\/et_pb_column][\/et_pb_row][\/et_pb_section][et_pb_section fb_built=\u00a0\u00bb1&Prime; _builder_version=\u00a0\u00bb4.27.4&Prime; _module_preset=\u00a0\u00bbdefault\u00a0\u00bb background_color=\u00a0\u00bb#FFFFFF\u00a0\u00bb global_colors_info=\u00a0\u00bb{}\u00a0\u00bb][et_pb_row _builder_version=\u00a0\u00bb4.27.4&Prime; _module_preset=\u00a0\u00bbdefault\u00a0\u00bb global_colors_info=\u00a0\u00bb{}\u00a0\u00bb][et_pb_column type=\u00a0\u00bb4_4&Prime; _builder_version=\u00a0\u00bb4.27.4&Prime; _module_preset=\u00a0\u00bbdefault\u00a0\u00bb global_colors_info=\u00a0\u00bb{}\u00a0\u00bb][et_pb_text _builder_version=\u00a0\u00bb4.27.4&Prime; _module_preset=\u00a0\u00bbdefault\u00a0\u00bb header_5_line_height=\u00a0\u00bb1.7em\u00a0\u00bb locked=\u00a0\u00bboff\u00a0\u00bb global_colors_info=\u00a0\u00bb{}\u00a0\u00bb]<\/p>\n<h5>La Soci\u00e9t\u00e9 Suisse pour la Sant\u00e9 des personnes pr\u00e9sentant une D\u00e9ficience Intellectuelle (Anglais: SSHID = Swiss Society for Health in Intellectual Disability) est une association de professionnels engag\u00e9s dans l\u2019am\u00e9lioration de la prise en charge m\u00e9dico-soignante des personnes avec d\u00e9ficience intellectuelle.<\/h5>\n<p>[\/et_pb_text][\/et_pb_column][\/et_pb_row][\/et_pb_section][et_pb_section fb_built=\u00a0\u00bb1&Prime; admin_label=\u00a0\u00bbHeader\u00a0\u00bb _builder_version=\u00a0\u00bb4.27.2&Prime; background_size=\u00a0\u00bbinitial\u00a0\u00bb background_position=\u00a0\u00bbtop_center\u00a0\u00bb collapsed=\u00a0\u00bbon\u00a0\u00bb global_colors_info=\u00a0\u00bb{}\u00a0\u00bb][et_pb_row column_structure=\u00a0\u00bb1_3,2_3&Prime; _builder_version=\u00a0\u00bb4.27.0&Prime; global_colors_info=\u00a0\u00bb{}\u00a0\u00bb][et_pb_column type=\u00a0\u00bb1_3&Prime; _builder_version=\u00a0\u00bb4.27.0&Prime; global_colors_info=\u00a0\u00bb{}\u00a0\u00bb][et_pb_image src=\u00a0\u00bbhttps:\/\/sshid.info\/wp-content\/uploads\/2025\/02\/Menschen3.jpg\u00a0\u00bb alt=\u00a0\u00bbPersonne \u00e0 l&rsquo;h\u00f4pital\u00a0\u00bb title_text=\u00a0\u00bbPersonne \u00e0 l&rsquo;h\u00f4pital\u00a0\u00bb module_class=\u00a0\u00bbimage-format-square\u00a0\u00bb _builder_version=\u00a0\u00bb4.27.4&Prime; background_enable_image=\u00a0\u00bboff\u00a0\u00bb global_colors_info=\u00a0\u00bb{}\u00a0\u00bb][\/et_pb_image][\/et_pb_column][et_pb_column type=\u00a0\u00bb2_3&Prime; _builder_version=\u00a0\u00bb4.27.0&Prime; _module_preset=\u00a0\u00bbf369a352-4331-420e-95ac-7b0970d9c57b\u00a0\u00bb global_colors_info=\u00a0\u00bb{}\u00a0\u00bb][et_pb_heading title=\u00a0\u00bbObjectifs\u00a0\u00bb _builder_version=\u00a0\u00bb4.27.4&Prime; _module_preset=\u00a0\u00bbeeb21040-1152-4e66-a7ed-ea6406e4881e\u00a0\u00bb global_colors_info=\u00a0\u00bb{}\u00a0\u00bb][\/et_pb_heading][et_pb_blurb icon_placement=\u00a0\u00bbtop\u00a0\u00bb _builder_version=\u00a0\u00bb4.27.4&Prime; _module_preset=\u00a0\u00bb0e23dd2f-aff8-4ef5-b0a0-3d1ef5291762&Prime; global_colors_info=\u00a0\u00bb{}\u00a0\u00bb]<\/p>\n<h3><strong>Am\u00e9liorer les soins m\u00e9dicaux pour les personnes atteintes de troubles du d\u00e9veloppement intellectuel en<\/strong><\/h3>\n<p>&nbsp;<\/p>\n<ul>\n<li>En promouvant la coop\u00e9ration interdisciplinaire entre professionnels gr\u00e2ce \u00e0 la mise en r\u00e9seau des professionnels au niveau national et international<\/li>\n<li>\u00c9changes professionnels et mise en r\u00e9seau au niveau national et international <\/li>\n<li>Promouvoir la mise en \u0153uvre des accords pertinents de la Convention des Nations Unies relative aux droits des personnes handicap\u00e9es et des directives m\u00e9dico-\u00e9thiques de l&rsquo;Acad\u00e9mie Suisse des Sciences M\u00e9dicales.<\/li>\n<li>Promouvoir des mesures de pr\u00e9vention, de promotion de la sant\u00e9 et de r\u00e9\u00e9ducation.<\/li>\n<li>Promotion de nouvelles m\u00e9thodes d&rsquo;investigation et de th\u00e9rapie<\/li>\n<li>Promotion du d\u00e9veloppement de services sp\u00e9cialis\u00e9s d&rsquo;\u00e9valuation, de conseil et de traitement<\/li>\n<li>Promotion de l&rsquo;\u00e9ducation, de la formation et du perfectionnement professionnels<\/li>\n<li>Cr\u00e9ation et gestion d&rsquo;une attestation de formation compl\u00e9mentaire ISFM (Institut suisse pour la formation m\u00e9dicale postgradu\u00e9e et continue) et d&rsquo;autres fili\u00e8res de formation continue.<\/li>\n<li>\u00c9laboration de lignes directrices et de normes de qualit\u00e9<\/li>\n<li>Promotion de l&rsquo;activit\u00e9 scientifique<\/li>\n<li>Repr\u00e9sentation des int\u00e9r\u00eats professionnels et \u00e9conomiques communs des professionnels et des organisations aupr\u00e8s de la population, des autorit\u00e9s et d&rsquo;autres institutions.<\/li>\n<li>Participation aux questions de politique de sant\u00e9 au niveau local et national m. Information des membres ainsi que du public, des politiques et des autorit\u00e9s sur les questions et les d\u00e9veloppements actuels<\/li>\n<\/ul>\n<p>[\/et_pb_blurb][\/et_pb_column][\/et_pb_row][\/et_pb_section][et_pb_section fb_built=\u00a0\u00bb1&Prime; _builder_version=\u00a0\u00bb4.27.4&Prime; _module_preset=\u00a0\u00bbdefault\u00a0\u00bb background_color=\u00a0\u00bb#9AB5D4&Prime; background_enable_image=\u00a0\u00bboff\u00a0\u00bb global_colors_info=\u00a0\u00bb{}\u00a0\u00bb][et_pb_row _builder_version=\u00a0\u00bb4.27.4&Prime; _module_preset=\u00a0\u00bbdefault\u00a0\u00bb global_colors_info=\u00a0\u00bb{}\u00a0\u00bb][et_pb_column type=\u00a0\u00bb4_4&Prime; _builder_version=\u00a0\u00bb4.27.4&Prime; _module_preset=\u00a0\u00bbdefault\u00a0\u00bb global_colors_info=\u00a0\u00bb{}\u00a0\u00bb][et_pb_heading title=\u00a0\u00bbHistoire\u00a0\u00bb _builder_version=\u00a0\u00bb4.27.4&Prime; _module_preset=\u00a0\u00bbeeb21040-1152-4e66-a7ed-ea6406e4881e\u00a0\u00bb title_text_color=\u00a0\u00bb#FFFFFF\u00a0\u00bb global_colors_info=\u00a0\u00bb{}\u00a0\u00bb][\/et_pb_heading][\/et_pb_column][\/et_pb_row][et_pb_row column_structure=\u00a0\u00bb1_2,1_2&Prime; make_equal=\u00a0\u00bbon\u00a0\u00bb _builder_version=\u00a0\u00bb4.27.4&Prime; global_colors_info=\u00a0\u00bb{}\u00a0\u00bb][et_pb_column type=\u00a0\u00bb1_2&Prime; _builder_version=\u00a0\u00bb4.16&Prime; global_colors_info=\u00a0\u00bb{}\u00a0\u00bb][et_pb_text _builder_version=\u00a0\u00bb4.27.4&Prime; _module_preset=\u00a0\u00bbd7da262b-616b-4620-ae40-7c2380529db8&Prime; text_font=\u00a0\u00bb|&#8211;et_global_body_font_weight|||||||\u00a0\u00bb text_text_color=\u00a0\u00bb#FFFFFF\u00a0\u00bb text_line_height=\u00a0\u00bb1.4em\u00a0\u00bb global_colors_info=\u00a0\u00bb{}\u00a0\u00bb]<\/p>\n<p>Le 2.11.2007, le \u00ab\u00a0Groupe de travail suisse des m\u00e9decins pour les personnes atteintes de handicaps mentaux et\/ou multiples (SAGB)\u00a0\u00bb a \u00e9t\u00e9 fond\u00e9 par le Dr m\u00e9d. Felix Brem (pr\u00e9sident) et le Dr m\u00e9d. Thomas Dorn (vice-pr\u00e9sident) lors d&rsquo;un symposium m\u00e9dical au Centre suisse d&rsquo;\u00e9pilepsie \u00e0 Zurich.<\/p>\n<p>L&rsquo;objectif de cette communaut\u00e9 de travail \u00e9tait d&rsquo;am\u00e9liorer la prise en charge m\u00e9dicale de ce groupe de patients, ce qui devait \u00eatre rendu possible par la mise en r\u00e9seau des m\u00e9decins int\u00e9ress\u00e9s, l&rsquo;ancrage de la m\u00e9decine des handicap\u00e9s dans la formation m\u00e9dicale initiale, continue et postgradu\u00e9e, ainsi que l&rsquo;am\u00e9nagement des tarifs ambulatoires et hospitaliers. Jusqu&rsquo;au d\u00e9part du pr\u00e9sident et du vice-pr\u00e9sident en 2017, conform\u00e9ment aux statuts de l&rsquo;ASGB, les manifestations annuelles de formation continue organis\u00e9es en diff\u00e9rents endroits de Suisse ainsi que l&rsquo;engagement de groupes r\u00e9gionaux d&rsquo;\u00e9change d&rsquo;exp\u00e9riences ont permis de sensibiliser de plus en plus de personnes \u00e0 cette th\u00e9matique, et les activit\u00e9s de l&rsquo;ASGB ont \u00e9galement \u00e9t\u00e9 davantage prises en compte par les professions non m\u00e9dicales. Mais malheureusement, les objectifs mentionn\u00e9s ci-dessus n&rsquo;ont pas \u00e9t\u00e9 atteints.<\/p>\n<p>[\/et_pb_text][\/et_pb_column][et_pb_column type=\u00a0\u00bb1_2&Prime; _builder_version=\u00a0\u00bb4.27.4&Prime; _module_preset=\u00a0\u00bbdefault\u00a0\u00bb global_colors_info=\u00a0\u00bb{}\u00a0\u00bb][et_pb_text _builder_version=\u00a0\u00bb4.27.4&Prime; _module_preset=\u00a0\u00bbd7da262b-616b-4620-ae40-7c2380529db8&Prime; text_font=\u00a0\u00bb|&#8211;et_global_body_font_weight|||||||\u00a0\u00bb text_text_color=\u00a0\u00bb#FFFFFF\u00a0\u00bb text_line_height=\u00a0\u00bb1.4em\u00a0\u00bb locked=\u00a0\u00bboff\u00a0\u00bb global_colors_info=\u00a0\u00bb{}\u00a0\u00bb]<\/p>\n<p>Ces d\u00e9veloppements ont ensuite conduit, le 7 d\u00e9cembre 2018, au transfert des t\u00e2ches de la SAGB dans une nouvelle soci\u00e9t\u00e9, la \u00ab\u00a0Swiss Society for Health in Intellectual Disability (SSHID)\u00a0\u00bb, qui s&rsquo;ouvre d\u00e9lib\u00e9r\u00e9ment aux groupes professionnels non m\u00e9dicaux qui participent aux soins et \u00e0 l&rsquo;accompagnement habituellement multiprofessionnels des personnes atteintes de troubles du d\u00e9veloppement intellectuel. Le Dr Dan Georgescu et le PD Dr Markus Kosel ont \u00e9t\u00e9 \u00e9lus respectivement premier pr\u00e9sident et vice-pr\u00e9sident de la soci\u00e9t\u00e9, et l&rsquo;ancien vice-pr\u00e9sident de la SAGB, le Dr Thomas Dorn, a \u00e9t\u00e9 \u00e9lu au conseil d&rsquo;administration de la SSHID.<\/p>\n<p>Les archives du SAGB (accessibles uniquement aux membres) contiennent de nombreux documents sur les activit\u00e9s du groupe de travail et, entre autres, des documents iconographiques de la r\u00e9union fondatrice de 2007.<\/p>\n<p>[\/et_pb_text][\/et_pb_column][\/et_pb_row][et_pb_row column_structure=\u00a0\u00bb1_5,3_5,1_5&Prime; make_equal=\u00a0\u00bbon\u00a0\u00bb _builder_version=\u00a0\u00bb4.27.4&Prime; global_colors_info=\u00a0\u00bb{}\u00a0\u00bb][et_pb_column type=\u00a0\u00bb1_5&Prime; _builder_version=\u00a0\u00bb4.16&Prime; global_colors_info=\u00a0\u00bb{}\u00a0\u00bb][\/et_pb_column][et_pb_column type=\u00a0\u00bb3_5&Prime; _builder_version=\u00a0\u00bb4.16&Prime; global_colors_info=\u00a0\u00bb{}\u00a0\u00bb][et_pb_image src=\u00a0\u00bbhttps:\/\/sshid.info\/wp-content\/uploads\/2025\/03\/Gruendungsveranstaltung.avif\u00a0\u00bb title_text=\u00a0\u00bb\u00c9v\u00e9nement fondateur\u00a0\u00bb module_class=\u00a0\u00bbimage-format-16&#215;9&Prime; _builder_version=\u00a0\u00bb4.27.4&Prime; _module_preset=\u00a0\u00bbdefault\u00a0\u00bb background_enable_image=\u00a0\u00bboff\u00a0\u00bb global_colors_info=\u00a0\u00bb{}\u00a0\u00bb][\/et_pb_image][\/et_pb_column][et_pb_column type=\u00a0\u00bb1_5&Prime; _builder_version=\u00a0\u00bb4.16&Prime; global_colors_info=\u00a0\u00bb{}\u00a0\u00bb][\/et_pb_column][\/et_pb_row][\/et_pb_section][et_pb_section fb_built=\u00a0\u00bb1&Prime; admin_label=\u00a0\u00bbAbout\u00a0\u00bb _builder_version=\u00a0\u00bb4.27.0&Prime; background_size=\u00a0\u00bbinitial\u00a0\u00bb background_position=\u00a0\u00bbbottom_center\u00a0\u00bb overflow-x=\u00a0\u00bbhidden\u00a0\u00bb overflow-y=\u00a0\u00bbhidden\u00a0\u00bb module_alignment_tablet=\u00a0\u00bbcenter\u00a0\u00bb module_alignment_last_edited=\u00a0\u00bboff|tablet\u00a0\u00bb locked=\u00a0\u00bboff\u00a0\u00bb collapsed=\u00a0\u00bbon\u00a0\u00bb global_colors_info=\u00a0\u00bb{}\u00a0\u00bb][et_pb_row column_structure=\u00a0\u00bb1_3,1_3,1_3&Prime; make_equal=\u00a0\u00bbon\u00a0\u00bb module_id=\u00a0\u00bbmitglied\u00a0\u00bb _builder_version=\u00a0\u00bb4.27.4&Prime; global_colors_info=\u00a0\u00bb{}\u00a0\u00bb][et_pb_column type=\u00a0\u00bb1_3&Prime; _builder_version=\u00a0\u00bb4.27.4&Prime; _module_preset=\u00a0\u00bbb08a29e3-1c24-4a4e-a67f-4bb755951394&Prime; global_colors_info=\u00a0\u00bb{}\u00a0\u00bb][et_pb_blurb title=\u00a0\u00bbNotre comit\u00e9 directeur\u00a0\u00bb use_icon=\u00a0\u00bbon\u00a0\u00bb font_icon=\u00a0\u00bb&#xf0c0;||fa||900&Prime; icon_placement=\u00a0\u00bbtop\u00a0\u00bb _builder_version=\u00a0\u00bb4.27.4&Prime; _module_preset=\u00a0\u00bb2807af52-04f6-46a9-b6d3-35b7f1057fa0&Prime; global_colors_info=\u00a0\u00bb{}\u00a0\u00bb][\/et_pb_blurb][et_pb_button button_url=\u00a0\u00bb@ET-DC@eyJkeW5hbWljIjp0cnVlLCJjb250ZW50IjoicG9zdF9saW5rX3VybF9wYWdlIiwic2V0dGluZ3MiOnsicG9zdF9pZCI6IjM0MSJ9fQ==@\u00a0\u00bb button_text=\u00a0\u00bbComit\u00e9 directeur\u00a0\u00bb _builder_version=\u00a0\u00bb4.27.4&Prime; _dynamic_attributes=\u00a0\u00bbbutton_url\u00a0\u00bb _module_preset=\u00a0\u00bbdefault\u00a0\u00bb custom_button=\u00a0\u00bboff\u00a0\u00bb global_colors_info=\u00a0\u00bb{}\u00a0\u00bb][\/et_pb_button][\/et_pb_column][et_pb_column type=\u00a0\u00bb1_3&Prime; _builder_version=\u00a0\u00bb4.27.4&Prime; _module_preset=\u00a0\u00bbf369a352-4331-420e-95ac-7b0970d9c57b\u00a0\u00bb background_color=\u00a0\u00bb#9AB5D4&Prime; global_colors_info=\u00a0\u00bb{}\u00a0\u00bb][et_pb_blurb title=\u00a0\u00bbDevenir membre\u00a0\u00bb use_icon=\u00a0\u00bbon\u00a0\u00bb font_icon=\u00a0\u00bb&#xf02e;||fa||400&Prime; icon_color=\u00a0\u00bb#FFFFFF\u00a0\u00bb icon_placement=\u00a0\u00bbtop\u00a0\u00bb _builder_version=\u00a0\u00bb4.27.4&Prime; _module_preset=\u00a0\u00bb0e23dd2f-aff8-4ef5-b0a0-3d1ef5291762&Prime; header_text_color=\u00a0\u00bb#FFFFFF\u00a0\u00bb body_text_color=\u00a0\u00bb#FFFFFF\u00a0\u00bb locked=\u00a0\u00bboff\u00a0\u00bb global_colors_info=\u00a0\u00bb{}\u00a0\u00bb][\/et_pb_blurb][et_pb_button button_url=\u00a0\u00bbhttps:\/\/sshid.info\/wp-content\/uploads\/2025\/05\/Antrag-Mitgliedschaft_F_2023.pdf\u00a0\u00bb url_new_window=\u00a0\u00bbon\u00a0\u00bb button_text=\u00a0\u00bbAffilation\u00a0\u00bb _builder_version=\u00a0\u00bb4.27.4&Prime; _module_preset=\u00a0\u00bbdefault\u00a0\u00bb custom_button=\u00a0\u00bboff\u00a0\u00bb hover_enabled=\u00a0\u00bb0&Prime; global_colors_info=\u00a0\u00bb{}\u00a0\u00bb sticky_enabled=\u00a0\u00bb0&Prime;][\/et_pb_button][\/et_pb_column][et_pb_column type=\u00a0\u00bb1_3&Prime; _builder_version=\u00a0\u00bb4.27.2&Prime; _module_preset=\u00a0\u00bbf369a352-4331-420e-95ac-7b0970d9c57b\u00a0\u00bb global_colors_info=\u00a0\u00bb{}\u00a0\u00bb][et_pb_blurb title=\u00a0\u00bbNos statuts\u00a0\u00bb use_icon=\u00a0\u00bbon\u00a0\u00bb font_icon=\u00a0\u00bb&#xf0c5;||fa||900&Prime; icon_color=\u00a0\u00bb#000000&Prime; icon_placement=\u00a0\u00bbtop\u00a0\u00bb _builder_version=\u00a0\u00bb4.27.4&Prime; _module_preset=\u00a0\u00bb0e23dd2f-aff8-4ef5-b0a0-3d1ef5291762&Prime; locked=\u00a0\u00bboff\u00a0\u00bb global_colors_info=\u00a0\u00bb{}\u00a0\u00bb][\/et_pb_blurb][et_pb_button button_url=\u00a0\u00bbhttps:\/\/sshid.info\/wp-content\/uploads\/2025\/03\/Statuts-SSHID_Revision_2021_F_final.pdf\u00a0\u00bb url_new_window=\u00a0\u00bbon\u00a0\u00bb button_text=\u00a0\u00bbT\u00e9l\u00e9charger\u00a0\u00bb _builder_version=\u00a0\u00bb4.27.4&Prime; _module_preset=\u00a0\u00bbdefault\u00a0\u00bb custom_button=\u00a0\u00bboff\u00a0\u00bb global_colors_info=\u00a0\u00bb{}\u00a0\u00bb][\/et_pb_button][\/et_pb_column][\/et_pb_row][\/et_pb_section]<\/p>\n","protected":false},"excerpt":{"rendered":"<p>La Soci\u00e9t\u00e9 Suisse pour la Sant\u00e9 des personnes pr\u00e9sentant une D\u00e9ficience Intellectuelle (Anglais: SSHID = Swiss Society for Health in Intellectual Disability) est une association de professionnels engag\u00e9s dans l\u2019am\u00e9lioration de la prise en charge m\u00e9dico-soignante des personnes avec d\u00e9ficience intellectuelle.Am\u00e9liorer les soins m\u00e9dicaux pour les personnes atteintes de troubles du d\u00e9veloppement intellectuel en &nbsp; [&hellip;]<\/p>\n","protected":false},"author":1,"featured_media":0,"parent":0,"menu_order":0,"comment_status":"closed","ping_status":"closed","template":"","meta":{"_et_pb_use_builder":"on","_et_pb_old_content":"","_et_gb_content_width":"","footnotes":""},"folder":[14],"class_list":["post-882","page","type-page","status-publish","hentry"],"_links":{"self":[{"href":"https:\/\/sshid.info\/fr\/wp-json\/wp\/v2\/pages\/882","targetHints":{"allow":["GET"]}}],"collection":[{"href":"https:\/\/sshid.info\/fr\/wp-json\/wp\/v2\/pages"}],"about":[{"href":"https:\/\/sshid.info\/fr\/wp-json\/wp\/v2\/types\/page"}],"author":[{"embeddable":true,"href":"https:\/\/sshid.info\/fr\/wp-json\/wp\/v2\/users\/1"}],"replies":[{"embeddable":true,"href":"https:\/\/sshid.info\/fr\/wp-json\/wp\/v2\/comments?post=882"}],"version-history":[{"count":1,"href":"https:\/\/sshid.info\/fr\/wp-json\/wp\/v2\/pages\/882\/revisions"}],"predecessor-version":[{"id":883,"href":"https:\/\/sshid.info\/fr\/wp-json\/wp\/v2\/pages\/882\/revisions\/883"}],"wp:attachment":[{"href":"https:\/\/sshid.info\/fr\/wp-json\/wp\/v2\/media?parent=882"}],"wp:term":[{"taxonomy":"folder","embeddable":true,"href":"https:\/\/sshid.info\/fr\/wp-json\/wp\/v2\/folder?post=882"}],"curies":[{"name":"wp","href":"https:\/\/api.w.org\/{rel}","templated":true}]}}