{"id":604,"date":"2025-01-20T17:23:59","date_gmt":"2025-01-20T17:23:59","guid":{"rendered":"https:\/\/sshid.bruchertseifer.com\/documents\/"},"modified":"2025-04-20T08:17:39","modified_gmt":"2025-04-20T08:17:39","slug":"documents","status":"publish","type":"page","link":"https:\/\/sshid.info\/fr\/documents\/","title":{"rendered":"Documents"},"content":{"rendered":"<p>[et_pb_section fb_built=\u00a0\u00bb1&Prime; admin_label=\u00a0\u00bbFeatures\u00a0\u00bb _builder_version=\u00a0\u00bb4.27.4&Prime; _module_preset=\u00a0\u00bbaf9816ba-6419-4e26-b558-beea041cd9c8&Prime; background_color=\u00a0\u00bb#9AB5D4&Prime; background_image=\u00a0\u00bbhttps:\/\/sshid.info\/wp-content\/uploads\/2025\/02\/Header-Background-Light.jpg\u00a0\u00bb scroll_vertical_motion=\u00a0\u00bb0|47|47|100|4|0|-4&Prime; custom_css_main_element=\u00a0\u00bbdisplay: flex;||flex-direction: column;||justify-content: center;\u00a0\u00bb collapsed=\u00a0\u00bbon\u00a0\u00bb global_colors_info=\u00a0\u00bb{}\u00a0\u00bb][et_pb_row _builder_version=\u00a0\u00bb4.27.4&Prime; _module_preset=\u00a0\u00bbdefault\u00a0\u00bb custom_margin=\u00a0\u00bb100px|auto|100px|auto||\u00a0\u00bb global_colors_info=\u00a0\u00bb{}\u00a0\u00bb][et_pb_column type=\u00a0\u00bb4_4&Prime; _builder_version=\u00a0\u00bb4.27.4&Prime; _module_preset=\u00a0\u00bbdefault\u00a0\u00bb global_colors_info=\u00a0\u00bb{}\u00a0\u00bb][et_pb_heading title=\u00a0\u00bbDocuments\u00a0\u00bb _builder_version=\u00a0\u00bb4.27.4&Prime; _module_preset=\u00a0\u00bbeeb21040-1152-4e66-a7ed-ea6406e4881e\u00a0\u00bb title_level=\u00a0\u00bbh1&Prime; title_font=\u00a0\u00bb||||||||\u00a0\u00bb title_text_align=\u00a0\u00bbcenter\u00a0\u00bb title_text_color=\u00a0\u00bb#024594&Prime; title_font_size=\u00a0\u00bb120px\u00a0\u00bb title_line_height=\u00a0\u00bb1.2em\u00a0\u00bb scroll_vertical_motion=\u00a0\u00bb0|50|50|100|1.5|0|-1.5&Prime; title_font_size_tablet=\u00a0\u00bb80px\u00a0\u00bb title_font_size_phone=\u00a0\u00bb48px\u00a0\u00bb global_colors_info=\u00a0\u00bb{}\u00a0\u00bb][\/et_pb_heading][\/et_pb_column][\/et_pb_row][\/et_pb_section][et_pb_section fb_built=\u00a0\u00bb1&Prime; admin_label=\u00a0\u00bbResources\u00a0\u00bb _builder_version=\u00a0\u00bb4.27.4&Prime; background_enable_color=\u00a0\u00bboff\u00a0\u00bb background_enable_image=\u00a0\u00bboff\u00a0\u00bb background_blend=\u00a0\u00bbsaturation\u00a0\u00bb collapsed=\u00a0\u00bbon\u00a0\u00bb global_colors_info=\u00a0\u00bb{}\u00a0\u00bb][et_pb_row _builder_version=\u00a0\u00bb4.16&Prime; global_colors_info=\u00a0\u00bb{}\u00a0\u00bb][et_pb_column type=\u00a0\u00bb4_4&Prime; _builder_version=\u00a0\u00bb4.16&Prime; global_colors_info=\u00a0\u00bb{}\u00a0\u00bb][et_pb_text _builder_version=\u00a0\u00bb4.27.4&Prime; _module_preset=\u00a0\u00bbdefault\u00a0\u00bb custom_margin=\u00a0\u00bb||80px|||\u00a0\u00bb hover_enabled=\u00a0\u00bb0&Prime; global_colors_info=\u00a0\u00bb{}\u00a0\u00bb sticky_enabled=\u00a0\u00bb0&Prime;]<\/p>\n<h5>Table des mati\u00e8res<\/h5>\n<ul>\n<li><a href=\"#pubmed\">Guidelines Intellectual Disability Medicine dans PUBMED<\/a><\/li>\n<li><a href=\"#doc-un\">Documents ONU<\/a><\/li>\n<li><a href=\"#doc-who\">Documents OMS (s\u00e9lection)<\/a><\/li>\n<li><a href=\"#doc-samw\">Documents CH ASSM<\/a><\/li>\n<li><a href=\"#doc-ch\">Documents CH Admin.ch<\/a><\/li>\n<li><a href=\"#charta-praevention\">Charte de la pr\u00e9vention<\/a><\/li>\n<\/ul>\n<p>[\/et_pb_text][\/et_pb_column][\/et_pb_row][et_pb_row column_structure=\u00a0\u00bb2_5,3_5&Prime; module_id=\u00a0\u00bbpubmed\u00a0\u00bb _builder_version=\u00a0\u00bb4.27.4&Prime; border_color_all=\u00a0\u00bbgcid-beb2c95b-3a59-4769-93ca-ebc39d60c20d\u00a0\u00bb border_width_top=\u00a0\u00bb1px\u00a0\u00bb border_width_bottom=\u00a0\u00bb1px\u00a0\u00bb global_colors_info=\u00a0\u00bb{%22gcid-beb2c95b-3a59-4769-93ca-ebc39d60c20d%22:%91%22border_color_all%22%93}\u00a0\u00bb][et_pb_column type=\u00a0\u00bb2_5&Prime; _builder_version=\u00a0\u00bb4.16&Prime; global_colors_info=\u00a0\u00bb{}\u00a0\u00bb][et_pb_heading title=\u00a0\u00bbGuidelines Intellectual Disability Medicine dans PUBMED\u00a0\u00bb _builder_version=\u00a0\u00bb4.27.4&Prime; _module_preset=\u00a0\u00bb2433f05d-07f8-4b21-a36b-47916aa45d21&Prime; global_colors_info=\u00a0\u00bb{}\u00a0\u00bb][\/et_pb_heading][\/et_pb_column][et_pb_column type=\u00a0\u00bb3_5&Prime; _builder_version=\u00a0\u00bb4.16&Prime; global_colors_info=\u00a0\u00bb{}\u00a0\u00bb][et_pb_text _builder_version=\u00a0\u00bb4.27.4&Prime; _module_preset=\u00a0\u00bbd7da262b-616b-4620-ae40-7c2380529db8&Prime; global_colors_info=\u00a0\u00bb{}\u00a0\u00bb]<\/p>\n<div class=\"LNEoJ ZbdoS\" style=\"max-height: none; transition-duration: 660ms;\">\n<div class=\"wZaoj\">\n<div class=\"sTtmz\" data-testid=\"static-text-element\">\n<div class=\"KNvh9\">\n<div class=\"\">\n<ul>\n<li><a href=\"http:\/\/www.tijdschriftvoorpsychiatrie.nl\/en\/issues\/546\/articles\/12074\" target=\"_blank\" rel=\"noopener\">Lignes directrices pratiques pour la prescription de m\u00e9dicaments psychotropes aux personnes souffrant d&rsquo;un handicap intellectuel<\/a><\/li>\n<li><a href=\"https:\/\/www.ncbi.nlm.nih.gov\/pmc\/articles\/PMC6345136\/\" target=\"_blank\" rel=\"noopener\">Lignes directrices de pratique clinique pour l&rsquo;\u00e9valuation et la gestion du handicap intellectuel<\/a><\/li>\n<li><a href=\"https:\/\/academic.oup.com\/ageing\/article\/48\/1\/14\/5107351\" target=\"_blank\" rel=\"noopener\">Adultes \u00e2g\u00e9s atteints d&rsquo;un handicap intellectuel : les lignes directrices du National Institute for Health and Care Excellence (NICE)<\/a><\/li>\n<li><a href=\"https:\/\/aaiddjournals.org\/doi\/10.1352\/1934-9556-53.3.240?url_ver=Z39.88-2003&amp;rfr_id=ori:rid:crossref.org&amp;rfr_dat=cr_pub%3dpubmed\" target=\"_blank\" rel=\"noopener\">Normes pour guider l&rsquo;utilisation du jugement clinique dans le domaine du handicap intellectuel<\/a><\/li>\n<li><a href=\"https:\/\/www.aaiddjournals.org\/doi\/abs\/10.1352\/1934-9556-53.1.2\" target=\"_blank\" rel=\"noopener\">Guidelines for Dementia-Related Health Advocacy for Adults With Intellectual Disability and Dementia : National Task Group on Intellectual Disabilities and Dementia Practices (Lignes directrices pour la d\u00e9fense des int\u00e9r\u00eats des personnes atteintes de d\u00e9mence et de handicap intellectuel)<\/a><\/li>\n<li><a href=\"https:\/\/onlinelibrary.wiley.com\/doi\/full\/10.1111\/j.1365-2788.2009.01182.x\" target=\"_blank\" rel=\"noopener\">Lignes directrices de consensus sur la prise en charge de l&rsquo;\u00e9pilepsie chez les adultes souffrant d&rsquo;un handicap intellectuel<\/a><\/li>\n<\/ul>\n<\/div>\n<\/div>\n<\/div>\n<\/div>\n<\/div>\n<p>[\/et_pb_text][\/et_pb_column][\/et_pb_row][et_pb_row column_structure=\u00a0\u00bb2_5,3_5&Prime; module_id=\u00a0\u00bbdoc-un\u00a0\u00bb _builder_version=\u00a0\u00bb4.27.4&Prime; border_color_all=\u00a0\u00bbgcid-beb2c95b-3a59-4769-93ca-ebc39d60c20d\u00a0\u00bb border_width_bottom=\u00a0\u00bb1px\u00a0\u00bb global_colors_info=\u00a0\u00bb{%22gcid-beb2c95b-3a59-4769-93ca-ebc39d60c20d%22:%91%22border_color_all%22%93}\u00a0\u00bb][et_pb_column type=\u00a0\u00bb2_5&Prime; _builder_version=\u00a0\u00bb4.16&Prime; global_colors_info=\u00a0\u00bb{}\u00a0\u00bb][et_pb_heading title=\u00a0\u00bbDocuments ONU\u00a0\u00bb _builder_version=\u00a0\u00bb4.27.4&Prime; _module_preset=\u00a0\u00bb2433f05d-07f8-4b21-a36b-47916aa45d21&Prime; global_colors_info=\u00a0\u00bb{}\u00a0\u00bb][\/et_pb_heading][\/et_pb_column][et_pb_column type=\u00a0\u00bb3_5&Prime; _builder_version=\u00a0\u00bb4.16&Prime; global_colors_info=\u00a0\u00bb{}\u00a0\u00bb][et_pb_text _builder_version=\u00a0\u00bb4.27.4&Prime; _module_preset=\u00a0\u00bbd7da262b-616b-4620-ae40-7c2380529db8&Prime; global_colors_info=\u00a0\u00bb{}\u00a0\u00bb]<\/p>\n<ul>\n<li><a href=\"https:\/\/www.un.org\/development\/desa\/disabilities\/convention-on-the-rights-of-persons-with-disabilities.html\" target=\"_blank\" rel=\"noopener\">Convention sur les droits des personnes handicap\u00e9es (CRPD)<\/a><\/li>\n<\/ul>\n<p>[\/et_pb_text][\/et_pb_column][\/et_pb_row][et_pb_row column_structure=\u00a0\u00bb2_5,3_5&Prime; module_id=\u00a0\u00bbdoc-who\u00a0\u00bb _builder_version=\u00a0\u00bb4.27.4&Prime; border_color_all=\u00a0\u00bbgcid-beb2c95b-3a59-4769-93ca-ebc39d60c20d\u00a0\u00bb border_width_bottom=\u00a0\u00bb1px\u00a0\u00bb global_colors_info=\u00a0\u00bb{%22gcid-beb2c95b-3a59-4769-93ca-ebc39d60c20d%22:%91%22border_color_all%22%93}\u00a0\u00bb][et_pb_column type=\u00a0\u00bb2_5&Prime; _builder_version=\u00a0\u00bb4.16&Prime; global_colors_info=\u00a0\u00bb{}\u00a0\u00bb][et_pb_heading title=\u00a0\u00bbDocuments OMS (s\u00e9lection)\u00a0\u00bb _builder_version=\u00a0\u00bb4.27.4&Prime; _module_preset=\u00a0\u00bb2433f05d-07f8-4b21-a36b-47916aa45d21&Prime; global_colors_info=\u00a0\u00bb{}\u00a0\u00bb][\/et_pb_heading][\/et_pb_column][et_pb_column type=\u00a0\u00bb3_5&Prime; _builder_version=\u00a0\u00bb4.16&Prime; global_colors_info=\u00a0\u00bb{}\u00a0\u00bb][et_pb_text _builder_version=\u00a0\u00bb4.27.4&Prime; _module_preset=\u00a0\u00bbd7da262b-616b-4620-ae40-7c2380529db8&Prime; global_colors_info=\u00a0\u00bb{}\u00a0\u00bb]<\/p>\n<ul>\n<li><a href=\"https:\/\/www.who.int\/docs\/default-source\/mental-health\/mhgap\/epilepsy-and-seizures\/epilepsy-q12.pdf\" target=\"_blank\" rel=\"noopener\">Traitement m\u00e9dicamenteux anti\u00e9pileptique chez les personnes souffrant d&rsquo;un handicap intellectuel et d&rsquo;\u00e9pilepsie<\/a><\/li>\n<li><a href=\"https:\/\/www.who.int\/news-room\/fact-sheets\/detail\/mental-disorders\" target=\"_blank\" rel=\"noopener\">Troubles mentaux<\/a><\/li>\n<li><a href=\"https:\/\/www.who.int\/news-room\/fact-sheets\/detail\/congenital-anomalies\" target=\"_blank\" rel=\"noopener\">Anomalies cong\u00e9nitales<\/a><\/li>\n<li><a href=\"https:\/\/www.who.int\/news-room\/q-a-detail\/questions-and-answers-about-autism-spectrum-disorders-(asd)\" target=\"_blank\" rel=\"noopener\">Questions et r\u00e9ponses sur les troubles du spectre autistique (TSA)<\/a><\/li>\n<li><a href=\"https:\/\/www.who.int\/health-topics\/assistive-technology#tab=tab_1\" target=\"_blank\" rel=\"noopener\">Technologie d&rsquo;assistance<\/a><\/li>\n<li><a href=\"https:\/\/www.who.int\/news-room\/questions-and-answers\/item\/zika\" target=\"_blank\" rel=\"noopener\">Zika &#8211; Organisation mondiale de la sant\u00e9 (OMS)<\/a><\/li>\n<\/ul>\n<p>[\/et_pb_text][\/et_pb_column][\/et_pb_row][et_pb_row column_structure=\u00a0\u00bb2_5,3_5&Prime; module_id=\u00a0\u00bbdoc-samw\u00a0\u00bb _builder_version=\u00a0\u00bb4.27.4&Prime; hover_enabled=\u00a0\u00bb0&Prime; border_color_all=\u00a0\u00bbgcid-beb2c95b-3a59-4769-93ca-ebc39d60c20d\u00a0\u00bb border_width_bottom=\u00a0\u00bb1px\u00a0\u00bb global_colors_info=\u00a0\u00bb{%22gcid-beb2c95b-3a59-4769-93ca-ebc39d60c20d%22:%91%22border_color_all%22%93}\u00a0\u00bb sticky_enabled=\u00a0\u00bb0&Prime;][et_pb_column type=\u00a0\u00bb2_5&Prime; _builder_version=\u00a0\u00bb4.16&Prime; global_colors_info=\u00a0\u00bb{}\u00a0\u00bb][et_pb_heading title=\u00a0\u00bbDocuments CH ASSM\u00a0\u00bb _builder_version=\u00a0\u00bb4.27.4&Prime; _module_preset=\u00a0\u00bb2433f05d-07f8-4b21-a36b-47916aa45d21&Prime; global_colors_info=\u00a0\u00bb{}\u00a0\u00bb][\/et_pb_heading][\/et_pb_column][et_pb_column type=\u00a0\u00bb3_5&Prime; _builder_version=\u00a0\u00bb4.16&Prime; global_colors_info=\u00a0\u00bb{}\u00a0\u00bb][et_pb_text _builder_version=\u00a0\u00bb4.27.4&Prime; _module_preset=\u00a0\u00bbd7da262b-616b-4620-ae40-7c2380529db8&Prime; global_colors_info=\u00a0\u00bb{}\u00a0\u00bb]<\/p>\n<ul>\n<li><a href=\"https:\/\/www.samw.ch\/dam\/jcr:a5ab67f8-89fc-40de-8edc-4ad876bcf823\/richtlinien_samw_betreuung_behinderung.pdf\" target=\"_blank\" rel=\"noopener\">Traitement m\u00e9dical et soins aux personnes handicap\u00e9es<\/a><\/li>\n<li><a href=\"https:\/\/www.samw.ch\/dam\/jcr:f280a76e-f5d9-4a83-b80d-5debe56507ae\/richtlinien_samw_urteilsfaehigkeit.pdf\" target=\"_blank\" rel=\"noopener\">Le discernement dans la pratique m\u00e9dicale<\/a><\/li>\n<li><a href=\"https:\/\/www.samw.ch\/dam\/jcr:596abf47-6b64-4154-bdcf-8de16e1689b4\/richtlinien_samw_sterilisation_1981.pdf\" target=\"_blank\" rel=\"noopener\">Directives m\u00e9dico-\u00e9thiques sur la st\u00e9rilisation<\/a><\/li>\n<\/ul>\n<p>[\/et_pb_text][\/et_pb_column][\/et_pb_row][et_pb_row column_structure=\u00a0\u00bb2_5,3_5&Prime; module_id=\u00a0\u00bbdoc-ch\u00a0\u00bb _builder_version=\u00a0\u00bb4.27.4&Prime; border_color_all=\u00a0\u00bbgcid-beb2c95b-3a59-4769-93ca-ebc39d60c20d\u00a0\u00bb border_width_bottom=\u00a0\u00bb1px\u00a0\u00bb global_colors_info=\u00a0\u00bb{%22gcid-beb2c95b-3a59-4769-93ca-ebc39d60c20d%22:%91%22border_color_all%22%93}\u00a0\u00bb][et_pb_column type=\u00a0\u00bb2_5&Prime; _builder_version=\u00a0\u00bb4.16&Prime; global_colors_info=\u00a0\u00bb{}\u00a0\u00bb][et_pb_heading title=\u00a0\u00bbDocuments CH Admin.ch\u00a0\u00bb _builder_version=\u00a0\u00bb4.27.4&Prime; _module_preset=\u00a0\u00bb2433f05d-07f8-4b21-a36b-47916aa45d21&Prime; global_colors_info=\u00a0\u00bb{}\u00a0\u00bb][\/et_pb_heading][\/et_pb_column][et_pb_column type=\u00a0\u00bb3_5&Prime; _builder_version=\u00a0\u00bb4.16&Prime; global_colors_info=\u00a0\u00bb{}\u00a0\u00bb][et_pb_text _builder_version=\u00a0\u00bb4.27.4&Prime; _module_preset=\u00a0\u00bbd7da262b-616b-4620-ae40-7c2380529db8&Prime; global_colors_info=\u00a0\u00bb{}\u00a0\u00bb]<\/p>\n<p>Constitution f\u00e9d\u00e9rale<\/p>\n<ul>\n<li><a href=\"https:\/\/www.admin.ch\/opc\/de\/classified-compilation\/19995395\/index.html#ani1\" target=\"_blank\" rel=\"noopener\">Pr\u00e9ambule<\/a><\/li>\n<li><a href=\"https:\/\/www.admin.ch\/opc\/de\/classified-compilation\/19995395\/index.html#a5a\" target=\"_blank\" rel=\"noopener\">Subsidiarit\u00e9<\/a><\/li>\n<li><a href=\"https:\/\/www.admin.ch\/opc\/de\/classified-compilation\/19995395\/index.html#a7\" target=\"_blank\" rel=\"noopener\">Dignit\u00e9 humaine<\/a><\/li>\n<li><a href=\"https:\/\/www.admin.ch\/opc\/de\/classified-compilation\/19995395\/index.html#a8\" target=\"_blank\" rel=\"noopener\">\u00c9galit\u00e9 des droits<\/a><\/li>\n<li><a href=\"https:\/\/www.admin.ch\/opc\/de\/classified-compilation\/19995395\/index.html#a10\" target=\"_blank\" rel=\"noopener\">Droit \u00e0 la vie et \u00e0 la libert\u00e9 personnelle  <\/a><\/li>\n<li><a href=\"https:\/\/www.admin.ch\/opc\/de\/classified-compilation\/19995395\/index.html#a13\" target=\"_blank\" rel=\"noopener\">Protection de la vie priv\u00e9e<\/a><\/li>\n<li><a href=\"https:\/\/www.admin.ch\/opc\/de\/classified-compilation\/19995395\/index.html#a36\" target=\"_blank\" rel=\"noopener\">Restrictions des droits fondamentaux<\/a><\/li>\n<li><a href=\"https:\/\/www.admin.ch\/opc\/de\/classified-compilation\/19995395\/index.html#id-2-3\" target=\"_blank\" rel=\"noopener\">Objectifs sociaux  <\/a><\/li>\n<\/ul>\n<p>Lois<\/p>\n<ul>\n<li><a href=\"https:\/\/www.admin.ch\/opc\/de\/classified-compilation\/19070042\/index.html#id-1-1-1\" target=\"_blank\" rel=\"noopener\">Code civil : le droit de la personnalit\u00e9  <\/a><\/li>\n<li><a href=\"https:\/\/www.admin.ch\/opc\/de\/classified-compilation\/19070042\/index.html#id-2-3-11-2\" target=\"_blank\" rel=\"noopener\">Code civil : Curatelles<\/a><\/li>\n<li><a href=\"https:\/\/www.admin.ch\/opc\/de\/classified-compilation\/20011087\/index.html\" target=\"_blank\" rel=\"noopener\">Loi f\u00e9d\u00e9rale sur l&rsquo;analyse g\u00e9n\u00e9tique humaine  <\/a><\/li>\n<li><a href=\"https:\/\/www.admin.ch\/opc\/de\/classified-compilation\/20061313\/index.html\" target=\"_blank\" rel=\"noopener\">Loi f\u00e9d\u00e9rale relative \u00e0 la recherche sur l&rsquo;\u00eatre humain  <\/a><\/li>\n<\/ul>\n<p>Divers<a href=\"https:\/\/www.admin.ch\/opc\/de\/classified-compilation\/20061313\/index.html\" target=\"_blank\" rel=\"noopener\"><\/a><\/p>\n<ul>\n<li><a href=\"https:\/\/www.admin.ch\/opc\/de\/classified-compilation\/20122488\/index.html\" target=\"_blank\" rel=\"noopener\">Convention relative aux droits des personnes handicap\u00e9es (Convention des Nations unies relative aux droits des personnes handicap\u00e9es)<\/a><\/li>\n<li><a href=\"https:\/\/www.admin.ch\/dam\/gov\/de\/Bundesrecht\/rechte-in-zugaenglichen-formaten\/leichte-sprache-pdf\/BRK.pdf.download.pdf\/BRK.pdf\" target=\"_blank\" rel=\"noopener\">Convention relative aux droits des personnes handicap\u00e9es, expliqu\u00e9e en langage facile<\/a><\/li>\n<li><a href=\"https:\/\/www.newsd.admin.ch\/newsd\/message\/attachments\/39992.pdf\" target=\"_blank\" rel=\"noopener\">Enfants et adolescents atteints de troubles profonds du d\u00e9veloppement en Suisse<\/a><\/li>\n<li><a href=\"https:\/\/www.bag.admin.ch\/bag\/de\/home\/krankheiten\/krankheiten-im-ueberblick\/viele-seltene-krankheiten\/seltene-krankheiten-ch-und-nationales-konzept.html\" target=\"_blank\" rel=\"noopener\">OFSP : Les maladies rares en Suisse et le concept national<\/a><\/li>\n<li><a href=\"https:\/\/www.bag.admin.ch\/bag\/de\/home\/strategie-und-politik\/politische-auftraege-und-aktionsplaene\/nationales-konzept-seltene-krankheiten.html\" target=\"_blank\" rel=\"noopener\">OFSP : D\u00e9ficience intellectuelle et soins palliatifs  <\/a><\/li>\n<li><a href=\"https:\/\/www.bag.admin.ch\/bag\/de\/home\/das-bag\/publikationen\/forschungsberichte\/forschungsberichte-palliative-care.html\" target=\"_blank\" rel=\"noopener\">OFSP : Rapports de recherche sur les soins palliatifs<\/a><\/li>\n<li><a href=\"https:\/\/www.ebg.admin.ch\/de\/istanbul-konvention\" target=\"_blank\" rel=\"noopener\">Convention d&rsquo;Istanbul<\/a><\/li>\n<\/ul>\n<p>[\/et_pb_text][\/et_pb_column][\/et_pb_row][et_pb_row column_structure=\u00a0\u00bb2_5,3_5&Prime; module_id=\u00a0\u00bbcharta-praevention\u00a0\u00bb _builder_version=\u00a0\u00bb4.27.4&Prime; border_color_all=\u00a0\u00bbgcid-beb2c95b-3a59-4769-93ca-ebc39d60c20d\u00a0\u00bb border_width_bottom=\u00a0\u00bb1px\u00a0\u00bb global_colors_info=\u00a0\u00bb{%22gcid-beb2c95b-3a59-4769-93ca-ebc39d60c20d%22:%91%22border_color_all%22%93}\u00a0\u00bb][et_pb_column type=\u00a0\u00bb2_5&Prime; _builder_version=\u00a0\u00bb4.16&Prime; global_colors_info=\u00a0\u00bb{}\u00a0\u00bb][et_pb_heading title=\u00a0\u00bbCharte de la pr\u00e9vention\u00a0\u00bb _builder_version=\u00a0\u00bb4.27.4&Prime; _module_preset=\u00a0\u00bb2433f05d-07f8-4b21-a36b-47916aa45d21&Prime; global_colors_info=\u00a0\u00bb{}\u00a0\u00bb][\/et_pb_heading][\/et_pb_column][et_pb_column type=\u00a0\u00bb3_5&Prime; _builder_version=\u00a0\u00bb4.16&Prime; global_colors_info=\u00a0\u00bb{}\u00a0\u00bb][et_pb_text _builder_version=\u00a0\u00bb4.27.4&Prime; _module_preset=\u00a0\u00bbd7da262b-616b-4620-ae40-7c2380529db8&Prime; global_colors_info=\u00a0\u00bb{}\u00a0\u00bb]<\/p>\n<ul>\n<li><a href=\"https:\/\/www.charta-praevention.ch\/index.php\/fr\/\" target=\"_blank\" rel=\"noopener\">Charte pour la pr\u00e9vention de l&rsquo;exploitation sexuelle, des abus et autres violations des limites<\/a><\/li>\n<\/ul>\n<p>[\/et_pb_text][\/et_pb_column][\/et_pb_row][\/et_pb_section]<\/p>\n","protected":false},"excerpt":{"rendered":"<p>Table des mati\u00e8res Guidelines Intellectual Disability Medicine dans PUBMED Documents ONU Documents OMS (s\u00e9lection) Documents CH ASSM Documents CH Admin.ch Charte de la pr\u00e9vention Lignes directrices pratiques pour la prescription de m\u00e9dicaments psychotropes aux personnes souffrant d&rsquo;un handicap intellectuel Lignes directrices de pratique clinique pour l&rsquo;\u00e9valuation et la gestion du handicap intellectuel Adultes \u00e2g\u00e9s atteints [&hellip;]<\/p>\n","protected":false},"author":1,"featured_media":0,"parent":0,"menu_order":0,"comment_status":"closed","ping_status":"closed","template":"","meta":{"_et_pb_use_builder":"on","_et_pb_old_content":"","_et_gb_content_width":"","footnotes":""},"folder":[14],"class_list":["post-604","page","type-page","status-publish","hentry"],"_links":{"self":[{"href":"https:\/\/sshid.info\/fr\/wp-json\/wp\/v2\/pages\/604","targetHints":{"allow":["GET"]}}],"collection":[{"href":"https:\/\/sshid.info\/fr\/wp-json\/wp\/v2\/pages"}],"about":[{"href":"https:\/\/sshid.info\/fr\/wp-json\/wp\/v2\/types\/page"}],"author":[{"embeddable":true,"href":"https:\/\/sshid.info\/fr\/wp-json\/wp\/v2\/users\/1"}],"replies":[{"embeddable":true,"href":"https:\/\/sshid.info\/fr\/wp-json\/wp\/v2\/comments?post=604"}],"version-history":[{"count":7,"href":"https:\/\/sshid.info\/fr\/wp-json\/wp\/v2\/pages\/604\/revisions"}],"predecessor-version":[{"id":686,"href":"https:\/\/sshid.info\/fr\/wp-json\/wp\/v2\/pages\/604\/revisions\/686"}],"wp:attachment":[{"href":"https:\/\/sshid.info\/fr\/wp-json\/wp\/v2\/media?parent=604"}],"wp:term":[{"taxonomy":"folder","embeddable":true,"href":"https:\/\/sshid.info\/fr\/wp-json\/wp\/v2\/folder?post=604"}],"curies":[{"name":"wp","href":"https:\/\/api.w.org\/{rel}","templated":true}]}}