{"id":592,"date":"2025-01-20T17:31:01","date_gmt":"2025-01-20T17:31:01","guid":{"rendered":"https:\/\/sshid.bruchertseifer.com\/publications\/"},"modified":"2025-08-27T13:19:54","modified_gmt":"2025-08-27T13:19:54","slug":"publications","status":"publish","type":"page","link":"https:\/\/sshid.info\/fr\/publications\/","title":{"rendered":"Publications"},"content":{"rendered":"<p>[et_pb_section fb_built=\u00a0\u00bb1&Prime; admin_label=\u00a0\u00bbFeatures\u00a0\u00bb _builder_version=\u00a0\u00bb4.27.4&Prime; _module_preset=\u00a0\u00bbaf9816ba-6419-4e26-b558-beea041cd9c8&Prime; background_color=\u00a0\u00bb#9AB5D4&Prime; background_image=\u00a0\u00bbhttps:\/\/sshid.info\/wp-content\/uploads\/2025\/02\/Header-Background-Light.jpg\u00a0\u00bb scroll_vertical_motion=\u00a0\u00bb0|47|47|100|4|0|-4&Prime; custom_css_main_element=\u00a0\u00bbdisplay: flex;||flex-direction: column;||justify-content: center;\u00a0\u00bb collapsed=\u00a0\u00bbon\u00a0\u00bb global_colors_info=\u00a0\u00bb{}\u00a0\u00bb][et_pb_row _builder_version=\u00a0\u00bb4.27.4&Prime; _module_preset=\u00a0\u00bbdefault\u00a0\u00bb custom_margin=\u00a0\u00bb100px|auto|100px|auto||\u00a0\u00bb global_colors_info=\u00a0\u00bb{}\u00a0\u00bb][et_pb_column type=\u00a0\u00bb4_4&Prime; _builder_version=\u00a0\u00bb4.27.4&Prime; _module_preset=\u00a0\u00bbdefault\u00a0\u00bb global_colors_info=\u00a0\u00bb{}\u00a0\u00bb][et_pb_heading title=\u00a0\u00bbPublications\u00a0\u00bb _builder_version=\u00a0\u00bb4.27.4&Prime; _module_preset=\u00a0\u00bbeeb21040-1152-4e66-a7ed-ea6406e4881e\u00a0\u00bb title_level=\u00a0\u00bbh1&Prime; title_font=\u00a0\u00bb||||||||\u00a0\u00bb title_text_align=\u00a0\u00bbcenter\u00a0\u00bb title_text_color=\u00a0\u00bb#024594&Prime; title_font_size=\u00a0\u00bb120px\u00a0\u00bb title_line_height=\u00a0\u00bb1.2em\u00a0\u00bb scroll_vertical_motion=\u00a0\u00bb0|50|50|100|1.5|0|-1.5&Prime; title_font_size_tablet=\u00a0\u00bb80px\u00a0\u00bb title_font_size_phone=\u00a0\u00bb48px\u00a0\u00bb global_colors_info=\u00a0\u00bb{}\u00a0\u00bb][\/et_pb_heading][\/et_pb_column][\/et_pb_row][\/et_pb_section][et_pb_section fb_built=\u00a0\u00bb1&Prime; admin_label=\u00a0\u00bbResources\u00a0\u00bb _builder_version=\u00a0\u00bb4.27.4&Prime; background_enable_image=\u00a0\u00bboff\u00a0\u00bb collapsed=\u00a0\u00bbon\u00a0\u00bb global_colors_info=\u00a0\u00bb{}\u00a0\u00bb][et_pb_row column_structure=\u00a0\u00bb1_3,2_3&Prime; _builder_version=\u00a0\u00bb4.16&Prime; global_colors_info=\u00a0\u00bb{}\u00a0\u00bb][et_pb_column type=\u00a0\u00bb1_3&Prime; _builder_version=\u00a0\u00bb4.16&Prime; global_colors_info=\u00a0\u00bb{}\u00a0\u00bb][et_pb_image src=\u00a0\u00bbhttps:\/\/sshid.info\/wp-content\/uploads\/2025\/03\/Menschen4.jpg\u00a0\u00bb alt=\u00a0\u00bbPatient sur un lit d&rsquo;h\u00f4pital avec une infirmi\u00e8re\u00a0\u00bb title_text=\u00a0\u00bbPatient sur un lit d&rsquo;h\u00f4pital avec une infirmi\u00e8re\u00a0\u00bb _builder_version=\u00a0\u00bb4.27.4&Prime; background_enable_image=\u00a0\u00bboff\u00a0\u00bb locked=\u00a0\u00bboff\u00a0\u00bb global_colors_info=\u00a0\u00bb{}\u00a0\u00bb][\/et_pb_image][\/et_pb_column][et_pb_column type=\u00a0\u00bb2_3&Prime; _builder_version=\u00a0\u00bb4.16&Prime; global_colors_info=\u00a0\u00bb{}\u00a0\u00bb][et_pb_text _builder_version=\u00a0\u00bb4.27.4&Prime; _module_preset=\u00a0\u00bbd7da262b-616b-4620-ae40-7c2380529db8&Prime; hover_enabled=\u00a0\u00bb0&Prime; global_colors_info=\u00a0\u00bb{}\u00a0\u00bb sticky_enabled=\u00a0\u00bb0&Prime;]<\/p>\n<div class=\"LNEoJ ZbdoS\" style=\"max-height: none; transition-duration: 660ms;\">\n<div class=\"wZaoj\">\n<div class=\"sTtmz\" data-testid=\"static-text-element\">\n<div class=\"KNvh9\">\n<div class=\"\">\n<ul>\n<li><a href=\"https:\/\/sshid.info\/wp-content\/uploads\/2025\/04\/Neuropsychologische-Entwicklungsstoerung.pdf\" target=\"_blank\" rel=\"noopener\">Diagnostic neuropsychologique dans le traitement psychiatrique et psychoth\u00e9rapeutique de patients adultes souffrant de troubles du d\u00e9veloppement intellectuel (DE)<\/a><\/li>\n<li><a href=\"https:\/\/sshid.info\/wp-content\/uploads\/2025\/04\/Besondere-Beduerfnisse_21_01_2021.pdf\" target=\"_blank\" rel=\"noopener\">Traiter les besoins particuliers de mani\u00e8re sp\u00e9cifique (DE)<\/a><\/li>\n<li><a href=\"https:\/\/sshid.info\/wp-content\/uploads\/2025\/04\/20220207_Interview-M.-Kosel_publie.pdf\" target=\"_blank\" rel=\"noopener\">Entretien avec Markus Kosel<\/a><\/li>\n<li><a href=\"https:\/\/sshid.info\/wp-content\/uploads\/2025\/04\/Interview-Dorn-Epi-Suisse-Magazin-D.pdf\" target=\"_blank\" rel=\"noopener\">Entretien avec Thomas Dorn Magazine Episuisse 1\/22 (court) (DE)<\/a><\/li>\n<li><a href=\"https:\/\/sshid.info\/wp-content\/uploads\/2025\/04\/Magazin-2022_1_-Interview-Dr.-Dorn-Epi-Suisse.pdf\" target=\"_blank\" rel=\"noopener\">Entretien avec Thomas Dorn Magazine Episuisse 1\/22 (long) (DE) <\/a><\/li>\n<li><a href=\"https:\/\/sshid.info\/wp-content\/uploads\/2025\/04\/Emotionale-Entwicklung.pdf\" target=\"_blank\" rel=\"noopener\">Mieux comprendre le d\u00e9veloppement \u00e9motionnel : \u00c9valuation d&rsquo;un cours de formation continue dans l&rsquo;accompagnement des personnes ayant une intelligence r\u00e9duite (DE)<\/a><\/li>\n<li><a href=\"https:\/\/sshid.info\/wp-content\/uploads\/2025\/04\/Zentrum-fuer-Neuropsychiatrie.pdf\" target=\"_blank\" rel=\"noopener\">Le centre de neuropsychiatrie &#8211; troubles du d\u00e9veloppement intellectuel : un mod\u00e8le pour les soins supra-cantonaux (DE) <\/a><\/li>\n<li><a href=\"https:\/\/sshid.info\/wp-content\/uploads\/2025\/04\/DBToP-ein-Leitfadengeistiger-Behinderung.pdf\" target=\"_blank\" rel=\"noopener\">DBToP &#8211; un guide pour le traitement de l&rsquo;instabilit\u00e9 \u00e9motionnelle chez les personnes handicap\u00e9es mentales (DE)<\/a><\/li>\n<li><a href=\"https:\/\/sshid.info\/wp-content\/uploads\/2025\/04\/Unser-Ziel-Gleichstellung.pdf\" target=\"_blank\" rel=\"noopener\">Notre objectif : l&rsquo;\u00e9galit\u00e9 ! (DE) <\/a><\/li>\n<li><a href=\"https:\/\/sshid.info\/wp-content\/uploads\/2025\/04\/Erfahrung-muss-aufgebaut.pdf\" target=\"_blank\" rel=\"noopener\">L&rsquo;exp\u00e9rience doit \u00eatre reconstruite de toute urgence (DE)<\/a><\/li>\n<li><a href=\"https:\/\/sshid.info\/wp-content\/uploads\/2025\/04\/Autismusdiagnostik.pdf\" target=\"_blank\" rel=\"noopener\">Diagnostic de l&rsquo;autisme chez les adultes atteints de troubles du d\u00e9veloppement intellectuel : \u00ab\u00a0More than an academic exercise !\u00a0\u00bb (DE)<\/a><\/li>\n<li><a href=\"https:\/\/sshid.info\/wp-content\/uploads\/2025\/08\/ANQpsy_Rapport-succinct_Sante-TDI_V1.0.pdf\" target=\"_blank\" rel=\"noopener\">ANQ : Sant\u00e9 des personnes atteintes de troubles du d\u00e9veloppement intellectuel (rapport succinct)<\/a><\/li>\n<\/ul>\n<\/div>\n<\/div>\n<\/div>\n<\/div>\n<\/div>\n<p>[\/et_pb_text][\/et_pb_column][\/et_pb_row][\/et_pb_section]<\/p>\n","protected":false},"excerpt":{"rendered":"<p>Diagnostic neuropsychologique dans le traitement psychiatrique et psychoth\u00e9rapeutique de patients adultes souffrant de troubles du d\u00e9veloppement intellectuel (DE) Traiter les besoins particuliers de mani\u00e8re sp\u00e9cifique (DE) Entretien avec Markus Kosel Entretien avec Thomas Dorn Magazine Episuisse 1\/22 (court) (DE) Entretien avec Thomas Dorn Magazine Episuisse 1\/22 (long) (DE) Mieux comprendre le d\u00e9veloppement \u00e9motionnel : \u00c9valuation [&hellip;]<\/p>\n","protected":false},"author":1,"featured_media":0,"parent":0,"menu_order":0,"comment_status":"closed","ping_status":"closed","template":"","meta":{"_et_pb_use_builder":"on","_et_pb_old_content":"","_et_gb_content_width":"","footnotes":""},"folder":[14],"class_list":["post-592","page","type-page","status-publish","hentry"],"_links":{"self":[{"href":"https:\/\/sshid.info\/fr\/wp-json\/wp\/v2\/pages\/592","targetHints":{"allow":["GET"]}}],"collection":[{"href":"https:\/\/sshid.info\/fr\/wp-json\/wp\/v2\/pages"}],"about":[{"href":"https:\/\/sshid.info\/fr\/wp-json\/wp\/v2\/types\/page"}],"author":[{"embeddable":true,"href":"https:\/\/sshid.info\/fr\/wp-json\/wp\/v2\/users\/1"}],"replies":[{"embeddable":true,"href":"https:\/\/sshid.info\/fr\/wp-json\/wp\/v2\/comments?post=592"}],"version-history":[{"count":8,"href":"https:\/\/sshid.info\/fr\/wp-json\/wp\/v2\/pages\/592\/revisions"}],"predecessor-version":[{"id":829,"href":"https:\/\/sshid.info\/fr\/wp-json\/wp\/v2\/pages\/592\/revisions\/829"}],"wp:attachment":[{"href":"https:\/\/sshid.info\/fr\/wp-json\/wp\/v2\/media?parent=592"}],"wp:term":[{"taxonomy":"folder","embeddable":true,"href":"https:\/\/sshid.info\/fr\/wp-json\/wp\/v2\/folder?post=592"}],"curies":[{"name":"wp","href":"https:\/\/api.w.org\/{rel}","templated":true}]}}